{"id":2783,"date":"2025-08-01T00:21:25","date_gmt":"2025-07-31T22:21:25","guid":{"rendered":"https:\/\/cyclingslovenia.com\/arrivee\/"},"modified":"2025-12-10T13:24:17","modified_gmt":"2025-12-10T12:24:17","slug":"arrivee","status":"publish","type":"page","link":"https:\/\/cyclingslovenia.com\/fr\/arrivee\/","title":{"rendered":"Arriv\u00e9e"},"content":{"rendered":"<h3 data-start=\"210\" data-end=\"877\">Se rendre en Slov\u00e9nie &#8211; le meilleur moyen, le plus facile et le moins cher<\/h3>\n<p data-start=\"208\" data-end=\"558\">La planification de votre <a href=\"https:\/\/cyclingslovenia.com\/fr\/\">aventure \u00e0 v\u00e9lo<\/a> commence bien avant que vous ne preniez la route &#8211; comprendre les meilleurs moyens de <strong data-start=\"307\" data-end=\"330\">se rendre en <a href=\"https:\/\/www.slovenia.info\/en\" target=\"_blank\" rel=\"noopener\">Slov\u00e9nie<\/a><\/strong> est la cl\u00e9 d&rsquo;un voyage en douceur et sans stress. La Slov\u00e9nie est facilement accessible depuis toute l&rsquo;Europe et au-del\u00e0, offrant de nombreuses options de voyage qui conviendront \u00e0 tous les voyageurs, qu&rsquo;ils pr\u00e9f\u00e8rent prendre l&rsquo;avion, la voiture ou les transports en commun.<\/p>\n<p data-start=\"560\" data-end=\"1005\">Pour les visiteurs internationaux, l&rsquo;a\u00e9roport Jo\u017ee Pu\u010dnik de Ljubljana (LJU) est la principale porte d&rsquo;entr\u00e9e, avec des liaisons r\u00e9guli\u00e8res vers les principales villes europ\u00e9ennes. Les a\u00e9roports voisins de Venise, Trieste et Zagreb peuvent \u00e9galement constituer des alternatives pratiques, en particulier pour ceux qui combinent voyage et visites touristiques. Depuis l&rsquo;a\u00e9roport, les voyageurs peuvent se rendre \u00e0 leur point de d\u00e9part en voiture de location, en taxi ou par des services de navette organis\u00e9s, dont beaucoup acceptent les v\u00e9los et les bagages.<\/p>\n<p data-start=\"1007\" data-end=\"1472\">Si vous pr\u00e9f\u00e9rez les voyages panoramiques, le r\u00e9seau ferroviaire slov\u00e8ne bien desservi relie des villes comme Ljubljana, Maribor et Koper \u00e0 des pays voisins comme l&rsquo;Autriche, l&rsquo;Italie et la Hongrie. Les trains sont confortables, respectueux de l&rsquo;environnement et certains autorisent les v\u00e9los \u00e0 bord, ce qui en fait une option id\u00e9ale pour les amateurs de cyclisme. Les bus r\u00e9gionaux et interurbains assurent \u00e9galement des liaisons fr\u00e9quentes et \u00e9conomiques avec les villes et les villages qui constituent des points de d\u00e9part parfaits pour les randonn\u00e9es \u00e0 v\u00e9lo.<\/p>\n<p data-start=\"1474\" data-end=\"1797\">Se rendre en Slov\u00e9nie en voiture est un autre choix populaire, en particulier pour les cyclistes qui apportent leur propre v\u00e9lo ou qui voyagent en groupe. Les autoroutes slov\u00e8nes bien entretenues et les routes secondaires pittoresques rendent la conduite simple et agr\u00e9able. N&rsquo;oubliez pas de v\u00e9rifier le code de la route, les p\u00e9ages et les possibilit\u00e9s de stationnement avant votre d\u00e9part.<\/p>\n<p data-start=\"1799\" data-end=\"2215\">Quelle que soit la fa\u00e7on dont vous arrivez, le fait de planifier \u00e0 l&rsquo;avance vous permet de commencer vos vacances \u00e0 v\u00e9lo d\u00e9tendu et pr\u00eat \u00e0 explorer. Notre guide complet pour se rendre en Slov\u00e9nie fournit toutes les informations essentielles sur les a\u00e9roports, les trains, les bus et les itin\u00e9raires, afin que vous puissiez vous concentrer sur l&rsquo;aventure qui vous attend. Des cols alpins aux routes c\u00f4ti\u00e8res en passant par les vignobles, votre exp\u00e9rience cycliste slov\u00e8ne commence d\u00e8s votre arriv\u00e9e.<\/p>\n<p>&nbsp;<\/p>\n","protected":false},"excerpt":{"rendered":"<p>Se rendre en Slov\u00e9nie &#8211; le meilleur moyen, le plus facile et le moins cher La planification de votre aventure \u00e0 v\u00e9lo commence bien avant que vous ne preniez la route &#8211; comprendre les meilleurs moyens de se rendre en Slov\u00e9nie est la cl\u00e9 d&rsquo;un voyage en douceur et sans stress. La Slov\u00e9nie est facilement [&hellip;]<\/p>\n","protected":false},"author":1,"featured_media":0,"parent":0,"menu_order":0,"comment_status":"closed","ping_status":"closed","template":"templates\/helia-page-template.php","meta":{"_acf_changed":false,"footnotes":""},"class_list":["post-2783","page","type-page","status-publish","hentry"],"acf":[],"_links":{"self":[{"href":"https:\/\/cyclingslovenia.com\/fr\/wp-json\/wp\/v2\/pages\/2783","targetHints":{"allow":["GET"]}}],"collection":[{"href":"https:\/\/cyclingslovenia.com\/fr\/wp-json\/wp\/v2\/pages"}],"about":[{"href":"https:\/\/cyclingslovenia.com\/fr\/wp-json\/wp\/v2\/types\/page"}],"author":[{"embeddable":true,"href":"https:\/\/cyclingslovenia.com\/fr\/wp-json\/wp\/v2\/users\/1"}],"replies":[{"embeddable":true,"href":"https:\/\/cyclingslovenia.com\/fr\/wp-json\/wp\/v2\/comments?post=2783"}],"version-history":[{"count":3,"href":"https:\/\/cyclingslovenia.com\/fr\/wp-json\/wp\/v2\/pages\/2783\/revisions"}],"predecessor-version":[{"id":3287,"href":"https:\/\/cyclingslovenia.com\/fr\/wp-json\/wp\/v2\/pages\/2783\/revisions\/3287"}],"wp:attachment":[{"href":"https:\/\/cyclingslovenia.com\/fr\/wp-json\/wp\/v2\/media?parent=2783"}],"curies":[{"name":"wp","href":"https:\/\/api.w.org\/{rel}","templated":true}]}}