{"id":2774,"date":"2025-08-10T00:33:58","date_gmt":"2025-08-09T22:33:58","guid":{"rendered":"https:\/\/cyclingslovenia.com\/planifier-un-appel-par-whatsapp\/"},"modified":"2025-12-10T11:39:50","modified_gmt":"2025-12-10T10:39:50","slug":"planifier-un-appel-par-whatsapp","status":"publish","type":"page","link":"https:\/\/cyclingslovenia.com\/fr\/planifier-un-appel-par-whatsapp\/","title":{"rendered":"Planifier un appel par Whatsapp"},"content":{"rendered":"<p>Nous vous remercions de nous avoir contact\u00e9s pour prendre rendez-vous avec nous ! Veuillez remplir le formulaire ci-dessous. D\u00e8s r\u00e9ception de votre demande, nous vous enverrons un courriel de confirmation et fixerons un cr\u00e9neau horaire pour votre appel. Une fois le cr\u00e9neau horaire fix\u00e9, nous attendrons votre appel.  <\/p>\n<p><strong>Important :<\/strong> Nos bureaux sont ouverts du lundi au vendredi, et nous acceptons les appels entre 9h00 et 15h00 CET.<\/p>\n","protected":false},"excerpt":{"rendered":"<p>Nous vous remercions de nous avoir contact\u00e9s pour prendre rendez-vous avec nous ! Veuillez remplir le formulaire ci-dessous. D\u00e8s r\u00e9ception de votre demande, nous vous enverrons un courriel de confirmation et fixerons un cr\u00e9neau horaire pour votre appel. Une fois le cr\u00e9neau horaire fix\u00e9, nous attendrons votre appel. Important : Nos bureaux sont ouverts du [&hellip;]<\/p>\n","protected":false},"author":1,"featured_media":0,"parent":0,"menu_order":0,"comment_status":"closed","ping_status":"closed","template":"templates\/schedule-call.php","meta":{"_acf_changed":false,"footnotes":""},"class_list":["post-2774","page","type-page","status-publish","hentry"],"acf":[],"_links":{"self":[{"href":"https:\/\/cyclingslovenia.com\/fr\/wp-json\/wp\/v2\/pages\/2774","targetHints":{"allow":["GET"]}}],"collection":[{"href":"https:\/\/cyclingslovenia.com\/fr\/wp-json\/wp\/v2\/pages"}],"about":[{"href":"https:\/\/cyclingslovenia.com\/fr\/wp-json\/wp\/v2\/types\/page"}],"author":[{"embeddable":true,"href":"https:\/\/cyclingslovenia.com\/fr\/wp-json\/wp\/v2\/users\/1"}],"replies":[{"embeddable":true,"href":"https:\/\/cyclingslovenia.com\/fr\/wp-json\/wp\/v2\/comments?post=2774"}],"version-history":[{"count":1,"href":"https:\/\/cyclingslovenia.com\/fr\/wp-json\/wp\/v2\/pages\/2774\/revisions"}],"predecessor-version":[{"id":2776,"href":"https:\/\/cyclingslovenia.com\/fr\/wp-json\/wp\/v2\/pages\/2774\/revisions\/2776"}],"wp:attachment":[{"href":"https:\/\/cyclingslovenia.com\/fr\/wp-json\/wp\/v2\/media?parent=2774"}],"curies":[{"name":"wp","href":"https:\/\/api.w.org\/{rel}","templated":true}]}}