{"id":3441,"date":"2025-10-01T14:17:49","date_gmt":"2025-10-01T12:17:49","guid":{"rendered":"https:\/\/cyclingslovenia.com\/faq\/"},"modified":"2025-10-01T14:17:49","modified_gmt":"2025-10-01T12:17:49","slug":"faq","status":"publish","type":"page","link":"https:\/\/cyclingslovenia.com\/de\/faq\/","title":{"rendered":"FAQ"},"content":{"rendered":"<h3 data-start=\"582\" data-end=\"652\"><strong data-start=\"582\" data-end=\"650\">Radtour FAQ Slowenien &#8211; Ihr Leitfaden f\u00fcr selbstgef\u00fchrte Abenteuer<\/strong><\/h3>\n<p data-start=\"654\" data-end=\"930\"><strong data-start=\"654\" data-end=\"683\">Radtour FAQ Slowenien<\/strong> bietet Antworten auf alle Fragen, die Sie vielleicht haben, bevor Sie sich auf eine selbstgef\u00fchrte Radreise in Slowenien begeben. Von Routendetails und Schwierigkeitsgraden bis hin zu Reisedokumenten und Unterk\u00fcnften &#8211; diese FAQ helfen Ihnen, sich auf ein reibungsloses Abenteuer vorzubereiten. <\/p>\n<p data-start=\"932\" data-end=\"1235\">Unsere selbstgef\u00fchrten Touren geben Ihnen die Flexibilit\u00e4t, Slowenien in Ihrem eigenen Tempo zu erkunden. Jede Reise beinhaltet Hotelaufenthalte, Gep\u00e4cktransfer und Zugang zu unserem mobilen Reisef\u00fchrer GUIBO mit detaillierten Karten und GPS-Navigation. So wissen Sie immer, wo Sie sind und k\u00f6nnen die Reise stressfrei genie\u00dfen.  <\/p>\n<p data-start=\"1237\" data-end=\"1460\">Die Kenntnis der Schwierigkeitsgrade unserer Touren ist wichtig, damit Sie die Tour ausw\u00e4hlen k\u00f6nnen, die Ihrer Erfahrung und Fitness entspricht. In unserem FAQ-Bereich werden die verschiedenen Optionen klar und deutlich erkl\u00e4rt, so dass Sie ganz einfach die perfekte Reiseroute planen k\u00f6nnen. <\/p>\n<p data-start=\"1462\" data-end=\"1601\">Wenn Sie weitere Hinweise oder pers\u00f6nliche Beratung ben\u00f6tigen, steht Ihnen unser Team gerne zur Verf\u00fcgung. Ihre <strong data-start=\"1549\" data-end=\"1578\">Radtour FAQ Slowenien<\/strong> Reise beginnt hier! <\/p>\n<p data-start=\"1462\" data-end=\"1601\"><img decoding=\"async\" class=\"alignnone wp-image-2325 size-medium\" src=\"https:\/\/cyclingslovenia.com\/wp-content\/uploads\/2025\/10\/faq-cycling-slovenia-300x233.jpg\" alt=\"Radtour FAQ Slowenien\" width=\"300\" height=\"233\" srcset=\"https:\/\/cyclingslovenia.com\/wp-content\/uploads\/2025\/10\/faq-cycling-slovenia-300x233.jpg 300w, https:\/\/cyclingslovenia.com\/wp-content\/uploads\/2025\/10\/faq-cycling-slovenia-768x595.jpg 768w, https:\/\/cyclingslovenia.com\/wp-content\/uploads\/2025\/10\/faq-cycling-slovenia.jpg 800w\" sizes=\"(max-width: 300px) 100vw, 300px\" \/><\/p>\n","protected":false},"excerpt":{"rendered":"<p>Radtour FAQ Slowenien &#8211; Ihr Leitfaden f\u00fcr selbstgef\u00fchrte Abenteuer Radtour FAQ Slowenien bietet Antworten auf alle Fragen, die Sie vielleicht haben, bevor Sie sich auf eine selbstgef\u00fchrte Radreise in Slowenien begeben. Von Routendetails und Schwierigkeitsgraden bis hin zu Reisedokumenten und Unterk\u00fcnften &#8211; diese FAQ helfen Ihnen, sich auf ein reibungsloses Abenteuer vorzubereiten. Unsere selbstgef\u00fchrten Touren [&hellip;]<\/p>\n","protected":false},"author":2,"featured_media":0,"parent":0,"menu_order":0,"comment_status":"closed","ping_status":"closed","template":"templates\/helia-page-template.php","meta":{"_acf_changed":false,"footnotes":""},"class_list":["post-3441","page","type-page","status-publish","hentry"],"acf":[],"_links":{"self":[{"href":"https:\/\/cyclingslovenia.com\/de\/wp-json\/wp\/v2\/pages\/3441","targetHints":{"allow":["GET"]}}],"collection":[{"href":"https:\/\/cyclingslovenia.com\/de\/wp-json\/wp\/v2\/pages"}],"about":[{"href":"https:\/\/cyclingslovenia.com\/de\/wp-json\/wp\/v2\/types\/page"}],"author":[{"embeddable":true,"href":"https:\/\/cyclingslovenia.com\/de\/wp-json\/wp\/v2\/users\/2"}],"replies":[{"embeddable":true,"href":"https:\/\/cyclingslovenia.com\/de\/wp-json\/wp\/v2\/comments?post=3441"}],"version-history":[{"count":0,"href":"https:\/\/cyclingslovenia.com\/de\/wp-json\/wp\/v2\/pages\/3441\/revisions"}],"wp:attachment":[{"href":"https:\/\/cyclingslovenia.com\/de\/wp-json\/wp\/v2\/media?parent=3441"}],"curies":[{"name":"wp","href":"https:\/\/api.w.org\/{rel}","templated":true}]}}