{"id":3440,"date":"2025-08-01T23:09:07","date_gmt":"2025-08-01T21:09:07","guid":{"rendered":"https:\/\/cyclingslovenia.com\/allgemeines-buchungsformular\/"},"modified":"2025-12-10T14:13:06","modified_gmt":"2025-12-10T13:13:06","slug":"allgemeines-buchungsformular","status":"publish","type":"page","link":"https:\/\/cyclingslovenia.com\/de\/allgemeines-buchungsformular\/","title":{"rendered":"Allgemeines Buchungsformular"},"content":{"rendered":"<h3 data-start=\"634\" data-end=\"693\"><strong data-start=\"634\" data-end=\"691\">Radtour buchen Slowenien &#8211; Sichern Sie sich Ihr Abenteuer<\/strong><\/h3>\n<p data-start=\"695\" data-end=\"920\">Die <strong data-start=\"695\" data-end=\"728\">Buchung von Radtouren <a href=\"https:\/\/www.slovenia.info\/en\" target=\"_blank\" rel=\"noopener\">in Slowenien<\/a><\/strong> ist mit unserem allgemeinen Buchungsformular ganz einfach. Verwenden Sie dieses Formular, um Ihre bevorzugte Tour zu reservieren, w\u00e4hlen Sie die Reisedaten aus und geben Sie die Details f\u00fcr alle Teilnehmer an, einschlie\u00dflich aller Anforderungen an den Fahrradverleih.<\/p>\n<p data-start=\"922\" data-end=\"1243\">Nach der \u00dcbermittlung sendet unser Team eine Proformarechnung und eine Anzahlung von 10% best\u00e4tigt Ihre Buchung. Der Restbetrag ist 30 Tage vor Ihrer Ankunft f\u00e4llig. Nach vollst\u00e4ndiger Bezahlung erhalten Sie alle wichtigen Dokumente: Reiseplan, Unterkunftsdetails, Best\u00e4tigung der Fahrradmiete und Zugang zu unserer mobilen Reisef\u00fchrer-App GUIBO.<\/p>\n<p data-start=\"1245\" data-end=\"1559\">Dieses Buchungsformular stellt sicher, dass Ihr Fahrradabenteuer in Slowenien vollst\u00e4ndig organisiert und auf Ihre Bed\u00fcrfnisse zugeschnitten ist. Wenn Sie Fragen haben oder Hilfe ben\u00f6tigen, kontaktieren Sie uns unter <a class=\"decorated-link cursor-pointer\" rel=\"noopener\" data-start=\"1409\" data-end=\"1422\">info@helia.si<\/a><\/p>\n","protected":false},"excerpt":{"rendered":"<p>Radtour buchen Slowenien &#8211; Sichern Sie sich Ihr Abenteuer Die Buchung von Radtouren in Slowenien ist mit unserem allgemeinen Buchungsformular ganz einfach. Verwenden Sie dieses Formular, um Ihre bevorzugte Tour zu reservieren, w\u00e4hlen Sie die Reisedaten aus und geben Sie die Details f\u00fcr alle Teilnehmer an, einschlie\u00dflich aller Anforderungen an den Fahrradverleih. Nach der \u00dcbermittlung [&hellip;]<\/p>\n","protected":false},"author":1,"featured_media":0,"parent":0,"menu_order":0,"comment_status":"closed","ping_status":"closed","template":"templates\/helia-page-template.php","meta":{"_acf_changed":false,"footnotes":""},"class_list":["post-3440","page","type-page","status-publish","hentry"],"acf":[],"_links":{"self":[{"href":"https:\/\/cyclingslovenia.com\/de\/wp-json\/wp\/v2\/pages\/3440","targetHints":{"allow":["GET"]}}],"collection":[{"href":"https:\/\/cyclingslovenia.com\/de\/wp-json\/wp\/v2\/pages"}],"about":[{"href":"https:\/\/cyclingslovenia.com\/de\/wp-json\/wp\/v2\/types\/page"}],"author":[{"embeddable":true,"href":"https:\/\/cyclingslovenia.com\/de\/wp-json\/wp\/v2\/users\/1"}],"replies":[{"embeddable":true,"href":"https:\/\/cyclingslovenia.com\/de\/wp-json\/wp\/v2\/comments?post=3440"}],"version-history":[{"count":1,"href":"https:\/\/cyclingslovenia.com\/de\/wp-json\/wp\/v2\/pages\/3440\/revisions"}],"predecessor-version":[{"id":3499,"href":"https:\/\/cyclingslovenia.com\/de\/wp-json\/wp\/v2\/pages\/3440\/revisions\/3499"}],"wp:attachment":[{"href":"https:\/\/cyclingslovenia.com\/de\/wp-json\/wp\/v2\/media?parent=3440"}],"curies":[{"name":"wp","href":"https:\/\/api.w.org\/{rel}","templated":true}]}}