{"id":3439,"date":"2025-09-30T11:52:17","date_gmt":"2025-09-30T09:52:17","guid":{"rendered":"https:\/\/cyclingslovenia.com\/erkundigen-sie-sich\/"},"modified":"2025-09-30T11:52:17","modified_gmt":"2025-09-30T09:52:17","slug":"erkundigen-sie-sich","status":"publish","type":"page","link":"https:\/\/cyclingslovenia.com\/de\/erkundigen-sie-sich\/","title":{"rendered":"Erkundigen Sie sich"},"content":{"rendered":"<h3 data-start=\"604\" data-end=\"656\"><strong data-start=\"604\" data-end=\"654\">Individuelle Radtouren Slowenien &#8211; <\/strong><strong data-start=\"604\" data-end=\"654\">Erkundigen Sie sich nach<\/strong><\/h3>\n<p data-start=\"239\" data-end=\"622\">Auf <strong data-start=\"239\" data-end=\"272\">den ma\u00dfgeschneiderten Radtouren durch Slowenien<\/strong> k\u00f6nnen Sie die atemberaubenden Landschaften des Landes auf zwei R\u00e4dern erkunden und ein ganz pers\u00f6nliches Erlebnis genie\u00dfen. Helia Cycling ist darauf spezialisiert, Touren zu entwerfen, die auf Ihr Tempo, Ihre Interessen und Ihre Gruppengr\u00f6\u00dfe zugeschnitten sind. Ganz gleich, ob Sie landschaftlich reizvolle Stra\u00dfenfahrten, herausfordernde Bergpfade oder eine Mischung aus Fahrrad- und Bootsabenteuern bevorzugen, unser Team entwirft eine Reiseroute ganz nach Ihren W\u00fcnschen.  <\/p>\n<p data-start=\"624\" data-end=\"877\">Wenn Sie unser Anfrageformular ausf\u00fcllen, k\u00f6nnen Sie Ihre bevorzugten Reiseziele, Reisedaten und besonderen W\u00fcnsche angeben. So k\u00f6nnen Sie sicher sein, dass Ihre Reise die sch\u00f6nsten Orte Sloweniens umfasst, von der alpinen Sch\u00f6nheit des Bleder Sees bis hin zu den malerischen K\u00fcstenrouten. <\/p>\n<p data-start=\"879\" data-end=\"1114\">Mit <strong data-start=\"884\" data-end=\"917\">ma\u00dfgeschneiderten Radtouren in Slowenien<\/strong> genie\u00dfen Sie eine Reise, die perfekt auf Ihre Bed\u00fcrfnisse zugeschnitten ist und von Expertenratschl\u00e4gen und Insidertipps begleitet wird. Senden Sie noch heute Ihre Anfrage ab und beginnen Sie mit der Planung eines unvergesslichen Radabenteuers mit Helia Cycling. <\/p>\n<p>&nbsp;<\/p>\n<p>&nbsp;<\/p>\n","protected":false},"excerpt":{"rendered":"<p>Individuelle Radtouren Slowenien &#8211; Erkundigen Sie sich nach Auf den ma\u00dfgeschneiderten Radtouren durch Slowenien k\u00f6nnen Sie die atemberaubenden Landschaften des Landes auf zwei R\u00e4dern erkunden und ein ganz pers\u00f6nliches Erlebnis genie\u00dfen. Helia Cycling ist darauf spezialisiert, Touren zu entwerfen, die auf Ihr Tempo, Ihre Interessen und Ihre Gruppengr\u00f6\u00dfe zugeschnitten sind. Ganz gleich, ob Sie landschaftlich [&hellip;]<\/p>\n","protected":false},"author":1,"featured_media":0,"parent":0,"menu_order":0,"comment_status":"closed","ping_status":"closed","template":"templates\/enquire-template.php","meta":{"_acf_changed":false,"footnotes":""},"class_list":["post-3439","page","type-page","status-publish","hentry"],"acf":[],"_links":{"self":[{"href":"https:\/\/cyclingslovenia.com\/de\/wp-json\/wp\/v2\/pages\/3439","targetHints":{"allow":["GET"]}}],"collection":[{"href":"https:\/\/cyclingslovenia.com\/de\/wp-json\/wp\/v2\/pages"}],"about":[{"href":"https:\/\/cyclingslovenia.com\/de\/wp-json\/wp\/v2\/types\/page"}],"author":[{"embeddable":true,"href":"https:\/\/cyclingslovenia.com\/de\/wp-json\/wp\/v2\/users\/1"}],"replies":[{"embeddable":true,"href":"https:\/\/cyclingslovenia.com\/de\/wp-json\/wp\/v2\/comments?post=3439"}],"version-history":[{"count":0,"href":"https:\/\/cyclingslovenia.com\/de\/wp-json\/wp\/v2\/pages\/3439\/revisions"}],"wp:attachment":[{"href":"https:\/\/cyclingslovenia.com\/de\/wp-json\/wp\/v2\/media?parent=3439"}],"curies":[{"name":"wp","href":"https:\/\/api.w.org\/{rel}","templated":true}]}}