{"id":3438,"date":"2025-08-01T00:21:25","date_gmt":"2025-07-31T22:21:25","guid":{"rendered":"https:\/\/cyclingslovenia.com\/ankunft\/"},"modified":"2025-08-01T00:21:25","modified_gmt":"2025-07-31T22:21:25","slug":"ankunft","status":"publish","type":"page","link":"https:\/\/cyclingslovenia.com\/de\/ankunft\/","title":{"rendered":"Ankunft"},"content":{"rendered":"<h3 data-start=\"210\" data-end=\"877\">Anreise nach Slowenien &#8211; der beste, einfachste und billigste Weg<\/h3>\n<p data-start=\"208\" data-end=\"558\">Die Planung Ihres <a href=\"https:\/\/cyclingslovenia.com\/de\/\">Fahrradabenteuers<\/a> beginnt schon lange vor Ihrer Abreise &#8211; die Kenntnis der besten M\u00f6glichkeiten, <strong data-start=\"307\" data-end=\"330\">nach <a href=\"https:\/\/www.slovenia.info\/en\" target=\"_blank\" rel=\"noopener\">Slowenien<\/a> zu gelangen<\/strong>, ist der Schl\u00fcssel zu einer reibungslosen und stressfreien Reise. Slowenien ist von ganz Europa und dar\u00fcber hinaus leicht zu erreichen und bietet zahlreiche Reisem\u00f6glichkeiten f\u00fcr jeden Reisenden, egal ob Sie lieber fliegen, fahren oder \u00f6ffentliche Verkehrsmittel benutzen. <\/p>\n<p data-start=\"560\" data-end=\"1005\">F\u00fcr internationale Besucher ist der Flughafen Ljubljana Jo\u017ee Pu\u010dnik (LJU) das wichtigste Tor mit regelm\u00e4\u00dfigen Verbindungen zu den gro\u00dfen europ\u00e4ischen St\u00e4dten. Die nahegelegenen Flugh\u00e4fen in Venedig, Triest und Zagreb k\u00f6nnen ebenfalls eine bequeme Alternative sein, insbesondere f\u00fcr diejenigen, die Reisen mit Sightseeing verbinden. Vom Flughafen aus k\u00f6nnen Reisende ihre Startpunkte f\u00fcr Radtouren mit einem Mietwagen, einem Taxi oder einem organisierten Shuttleservice erreichen, von denen viele Fahrr\u00e4der und Gep\u00e4ck aufnehmen k\u00f6nnen.  <\/p>\n<p data-start=\"1007\" data-end=\"1472\">Wenn Sie landschaftlich reizvolle Reisen bevorzugen, verbindet das gut ausgebaute Zugnetz Sloweniens St\u00e4dte wie Ljubljana, Maribor und Koper mit Nachbarl\u00e4ndern wie \u00d6sterreich, Italien und Ungarn. Die Z\u00fcge sind bequem, umweltfreundlich und einige erlauben die Mitnahme von Fahrr\u00e4dern, was sie zu einer idealen Option f\u00fcr Radfahrbegeisterte macht. Regional- und \u00dcberlandbusse bieten ebenfalls h\u00e4ufige und kosteng\u00fcnstige Verbindungen zu St\u00e4dten und D\u00f6rfern, die sich als perfekte Ausgangspunkte f\u00fcr Radtouren eignen.  <\/p>\n<p data-start=\"1474\" data-end=\"1797\">Die Fahrt nach Slowenien ist eine weitere beliebte Option, insbesondere f\u00fcr Radfahrer, die ihr eigenes Fahrrad mitbringen oder in Gruppen reisen. Sloweniens gut ausgebaute Autobahnen und malerische Nebenstra\u00dfen machen das Fahren einfach und angenehm. Informieren Sie sich vor Ihrer Reise \u00fcber die Stra\u00dfenverkehrsordnung, die Mautgeb\u00fchren und die Parkm\u00f6glichkeiten.  <\/p>\n<p data-start=\"1799\" data-end=\"2215\">Ganz gleich, wie Sie anreisen, die Planung im Voraus stellt sicher, dass Sie Ihren Radurlaub entspannt und erkundungsbereit beginnen k\u00f6nnen. Unser umfassender <g id=\"gid_0\">Reisef\u00fchrer f\u00fcr die Anreise nach Slowenien<\/g> enth\u00e4lt alle wichtigen Informationen zu Flugh\u00e4fen, Z\u00fcgen, Bussen und Fahrtrouten, damit Sie sich auf das bevorstehende Abenteuer konzentrieren k\u00f6nnen. Von Alpenp\u00e4ssen \u00fcber K\u00fcstenstra\u00dfen bis hin zu h\u00fcgeligen Weinbergen &#8211; Ihr Raderlebnis in Slowenien beginnt in dem Moment, in dem Sie ankommen.  <\/p>\n<p>&nbsp;<\/p>\n","protected":false},"excerpt":{"rendered":"<p>Anreise nach Slowenien &#8211; der beste, einfachste und billigste Weg Die Planung Ihres Fahrradabenteuers beginnt schon lange vor Ihrer Abreise &#8211; die Kenntnis der besten M\u00f6glichkeiten, nach Slowenien zu gelangen, ist der Schl\u00fcssel zu einer reibungslosen und stressfreien Reise. Slowenien ist von ganz Europa und dar\u00fcber hinaus leicht zu erreichen und bietet zahlreiche Reisem\u00f6glichkeiten f\u00fcr [&hellip;]<\/p>\n","protected":false},"author":1,"featured_media":0,"parent":0,"menu_order":0,"comment_status":"closed","ping_status":"closed","template":"templates\/helia-page-template.php","meta":{"_acf_changed":false,"footnotes":""},"class_list":["post-3438","page","type-page","status-publish","hentry"],"acf":[],"_links":{"self":[{"href":"https:\/\/cyclingslovenia.com\/de\/wp-json\/wp\/v2\/pages\/3438","targetHints":{"allow":["GET"]}}],"collection":[{"href":"https:\/\/cyclingslovenia.com\/de\/wp-json\/wp\/v2\/pages"}],"about":[{"href":"https:\/\/cyclingslovenia.com\/de\/wp-json\/wp\/v2\/types\/page"}],"author":[{"embeddable":true,"href":"https:\/\/cyclingslovenia.com\/de\/wp-json\/wp\/v2\/users\/1"}],"replies":[{"embeddable":true,"href":"https:\/\/cyclingslovenia.com\/de\/wp-json\/wp\/v2\/comments?post=3438"}],"version-history":[{"count":0,"href":"https:\/\/cyclingslovenia.com\/de\/wp-json\/wp\/v2\/pages\/3438\/revisions"}],"wp:attachment":[{"href":"https:\/\/cyclingslovenia.com\/de\/wp-json\/wp\/v2\/media?parent=3438"}],"curies":[{"name":"wp","href":"https:\/\/api.w.org\/{rel}","templated":true}]}}