{"id":3435,"date":"2025-08-02T03:51:43","date_gmt":"2025-08-02T01:51:43","guid":{"rendered":"https:\/\/cyclingslovenia.com\/bezahlung-fuer-helia-tours\/"},"modified":"2025-12-10T14:14:44","modified_gmt":"2025-12-10T13:14:44","slug":"bezahlung-fuer-helia-tours","status":"publish","type":"page","link":"https:\/\/cyclingslovenia.com\/de\/bezahlung-fuer-helia-tours\/","title":{"rendered":"Bezahlung f\u00fcr Helia Tours"},"content":{"rendered":"<h3 data-start=\"637\" data-end=\"692\"><strong data-start=\"637\" data-end=\"692\">Radtour Bezahlung Slowenien &#8211; Sichern Sie sich Ihre Buchung<\/strong><\/h3>\n<p data-start=\"694\" data-end=\"1130\">Um die <strong data-start=\"710\" data-end=\"746\">Bezahlung<\/strong> Ihrer <strong data-start=\"710\" data-end=\"746\">Radtour in Slowenien<\/strong> zu best\u00e4tigen, f\u00fcllen Sie bitte das sichere Online-Zahlungsformular von <a href=\"https:\/\/cyclingslovenia.com\/touring-tours\/\">Helia Cycling<\/a> aus. Wir akzeptieren Zahlungen per Kreditkarte (Mastercard, Eurocard, Visa) oder Bank\u00fcberweisung. Eine Anzahlung von 10% des Gesamtpreises der Tour ist innerhalb von acht Tagen nach Erhalt der Proforma-Rechnung erforderlich, um Ihre Buchung abzuschlie\u00dfen. Der Restbetrag ist 30 Tage vor Beginn Ihrer Tour f\u00e4llig.<\/p>\n<p data-start=\"1132\" data-end=\"1344\">Sobald die vollst\u00e4ndige Zahlung bei uns eingegangen ist, senden wir Ihnen alle notwendigen Reiseunterlagen zu, einschlie\u00dflich Ihrer Reiseroute, der Unterkunftsdetails und der Best\u00e4tigung des <a href=\"https:\/\/rentabike.si\/\" target=\"_blank\" rel=\"noopener\">Fahrradverleihs<\/a> (falls zutreffend).<\/p>\n<p data-start=\"1346\" data-end=\"1580\">Bitte vergewissern Sie sich, dass alle Zahlungsangaben korrekt sind, um Verz\u00f6gerungen bei der Bearbeitung zu vermeiden. Wenn Sie Fragen haben oder Hilfe beim Zahlungsvorgang ben\u00f6tigen, k\u00f6nnen Sie uns gerne unter <a class=\"decorated-link cursor-pointer\" rel=\"noopener\" data-start=\"1531\" data-end=\"1544\">info@helia.si<\/a> kontaktieren.<\/p>\n<p data-start=\"1346\" data-end=\"1580\"><img decoding=\"async\" class=\"alignnone wp-image-2341 size-medium\" src=\"https:\/\/cyclingslovenia.com\/wp-content\/uploads\/2025\/10\/helia-payment-300x233.jpg\" alt=\"Radtour Bezahlung Slowenien\" width=\"300\" height=\"233\" srcset=\"https:\/\/cyclingslovenia.com\/wp-content\/uploads\/2025\/10\/helia-payment-300x233.jpg 300w, https:\/\/cyclingslovenia.com\/wp-content\/uploads\/2025\/10\/helia-payment-768x595.jpg 768w, https:\/\/cyclingslovenia.com\/wp-content\/uploads\/2025\/10\/helia-payment.jpg 800w\" sizes=\"(max-width: 300px) 100vw, 300px\" \/><\/p>\n","protected":false},"excerpt":{"rendered":"<p>Radtour Bezahlung Slowenien &#8211; Sichern Sie sich Ihre Buchung Um die Bezahlung Ihrer Radtour in Slowenien zu best\u00e4tigen, f\u00fcllen Sie bitte das sichere Online-Zahlungsformular von Helia Cycling aus. Wir akzeptieren Zahlungen per Kreditkarte (Mastercard, Eurocard, Visa) oder Bank\u00fcberweisung. Eine Anzahlung von 10% des Gesamtpreises der Tour ist innerhalb von acht Tagen nach Erhalt der Proforma-Rechnung [&hellip;]<\/p>\n","protected":false},"author":1,"featured_media":0,"parent":0,"menu_order":0,"comment_status":"closed","ping_status":"closed","template":"templates\/helia-page-template.php","meta":{"_acf_changed":false,"footnotes":""},"class_list":["post-3435","page","type-page","status-publish","hentry"],"acf":[],"_links":{"self":[{"href":"https:\/\/cyclingslovenia.com\/de\/wp-json\/wp\/v2\/pages\/3435","targetHints":{"allow":["GET"]}}],"collection":[{"href":"https:\/\/cyclingslovenia.com\/de\/wp-json\/wp\/v2\/pages"}],"about":[{"href":"https:\/\/cyclingslovenia.com\/de\/wp-json\/wp\/v2\/types\/page"}],"author":[{"embeddable":true,"href":"https:\/\/cyclingslovenia.com\/de\/wp-json\/wp\/v2\/users\/1"}],"replies":[{"embeddable":true,"href":"https:\/\/cyclingslovenia.com\/de\/wp-json\/wp\/v2\/comments?post=3435"}],"version-history":[{"count":1,"href":"https:\/\/cyclingslovenia.com\/de\/wp-json\/wp\/v2\/pages\/3435\/revisions"}],"predecessor-version":[{"id":3501,"href":"https:\/\/cyclingslovenia.com\/de\/wp-json\/wp\/v2\/pages\/3435\/revisions\/3501"}],"wp:attachment":[{"href":"https:\/\/cyclingslovenia.com\/de\/wp-json\/wp\/v2\/media?parent=3435"}],"curies":[{"name":"wp","href":"https:\/\/api.w.org\/{rel}","templated":true}]}}