{"id":3432,"date":"2025-06-04T02:37:55","date_gmt":"2025-06-04T00:37:55","guid":{"rendered":"https:\/\/cyclingslovenia.com\/andere-dienstleistungen\/"},"modified":"2025-06-04T02:37:55","modified_gmt":"2025-06-04T00:37:55","slug":"andere-dienstleistungen","status":"publish","type":"page","link":"https:\/\/cyclingslovenia.com\/de\/andere-dienstleistungen\/","title":{"rendered":"Andere Dienstleistungen"},"content":{"rendered":"<h3 data-start=\"645\" data-end=\"706\"><strong data-start=\"645\" data-end=\"704\">Radtour-Services Slowenien &#8211; Verbessern Sie Ihr Abenteuer<\/strong><\/h3>\n<p data-start=\"708\" data-end=\"956\"><strong data-start=\"708\" data-end=\"742\">Die Dienstleistungen f\u00fcr Radtouren <a href=\"https:\/\/www.slovenia.info\/en\" target=\"_blank\" rel=\"noopener\">in Slowenien<\/a><\/strong> bilden das R\u00fcckgrat einer unvergesslichen Reise mit Helia Cycling. Neben unseren selbstgef\u00fchrten Radtouren bieten wir zus\u00e4tzliche Dienstleistungen an, um Ihr Abenteuer von Anfang bis Ende reibungslos und angenehm zu gestalten. <\/p>\n<p data-start=\"958\" data-end=\"1196\">Unser <strong data-start=\"962\" data-end=\"985\">Fahrradverleih<\/strong> umfasst hochwertige Rennr\u00e4der, Schotterr\u00e4der und E-Bikes, die f\u00fcr alle Arten von Gel\u00e4nde und Fahrerpr\u00e4ferenzen geeignet sind. Egal, ob Sie eine kurze Fahrt oder eine ausgedehnte Tour planen, wir sorgen daf\u00fcr, dass Sie das perfekte Fahrrad haben. <\/p>\n<p data-start=\"1198\" data-end=\"1445\">F\u00fcr diejenigen, die Slowenien zu Fu\u00df erkunden m\u00f6chten, sind unsere <a href=\"https:\/\/www.hikingslovenia.com\/\" target=\"_blank\" rel=\"noopener\"><strong data-start=\"1250\" data-end=\"1267\">Wandertouren<\/strong><\/a> eine einzigartige Perspektive auf die Kultur, die Geschichte und die nat\u00fcrliche Sch\u00f6nheit des Landes. Diese gef\u00fchrten Touren erg\u00e4nzen unsere Radrouten, so dass Sie Slowenien noch intensiver erleben k\u00f6nnen. <\/p>\n<p data-start=\"1447\" data-end=\"1653\">Erleben Sie unseren <strong data-start=\"1462\" data-end=\"1496\">Radtourenservice Slowenien<\/strong> und machen Sie Ihr Abenteuer perfekt. Kontaktieren Sie uns noch heute f\u00fcr Buchungen oder weitere Informationen und lassen Sie sich von Helia Cycling bei der Gestaltung Ihrer perfekten Radreise durch Slowenien helfen. <\/p>\n<p data-start=\"1447\" data-end=\"1653\"><img decoding=\"async\" class=\"alignnone wp-image-2332 size-medium\" src=\"https:\/\/cyclingslovenia.com\/wp-content\/uploads\/2025\/10\/cycling-slovenia-rental-bikes-300x233.jpg\" alt=\"Radtour Dienstleistungen Slowenien\" width=\"300\" height=\"233\" srcset=\"https:\/\/cyclingslovenia.com\/wp-content\/uploads\/2025\/10\/cycling-slovenia-rental-bikes-300x233.jpg 300w, https:\/\/cyclingslovenia.com\/wp-content\/uploads\/2025\/10\/cycling-slovenia-rental-bikes-768x595.jpg 768w, https:\/\/cyclingslovenia.com\/wp-content\/uploads\/2025\/10\/cycling-slovenia-rental-bikes.jpg 800w\" sizes=\"(max-width: 300px) 100vw, 300px\" \/><\/p>\n<p>&nbsp;<\/p>\n","protected":false},"excerpt":{"rendered":"<p>Radtour-Services Slowenien &#8211; Verbessern Sie Ihr Abenteuer Die Dienstleistungen f\u00fcr Radtouren in Slowenien bilden das R\u00fcckgrat einer unvergesslichen Reise mit Helia Cycling. Neben unseren selbstgef\u00fchrten Radtouren bieten wir zus\u00e4tzliche Dienstleistungen an, um Ihr Abenteuer von Anfang bis Ende reibungslos und angenehm zu gestalten. Unser Fahrradverleih umfasst hochwertige Rennr\u00e4der, Schotterr\u00e4der und E-Bikes, die f\u00fcr alle Arten [&hellip;]<\/p>\n","protected":false},"author":1,"featured_media":0,"parent":0,"menu_order":0,"comment_status":"closed","ping_status":"closed","template":"","meta":{"_acf_changed":false,"footnotes":""},"class_list":["post-3432","page","type-page","status-publish","hentry"],"acf":[],"_links":{"self":[{"href":"https:\/\/cyclingslovenia.com\/de\/wp-json\/wp\/v2\/pages\/3432","targetHints":{"allow":["GET"]}}],"collection":[{"href":"https:\/\/cyclingslovenia.com\/de\/wp-json\/wp\/v2\/pages"}],"about":[{"href":"https:\/\/cyclingslovenia.com\/de\/wp-json\/wp\/v2\/types\/page"}],"author":[{"embeddable":true,"href":"https:\/\/cyclingslovenia.com\/de\/wp-json\/wp\/v2\/users\/1"}],"replies":[{"embeddable":true,"href":"https:\/\/cyclingslovenia.com\/de\/wp-json\/wp\/v2\/comments?post=3432"}],"version-history":[{"count":0,"href":"https:\/\/cyclingslovenia.com\/de\/wp-json\/wp\/v2\/pages\/3432\/revisions"}],"wp:attachment":[{"href":"https:\/\/cyclingslovenia.com\/de\/wp-json\/wp\/v2\/media?parent=3432"}],"curies":[{"name":"wp","href":"https:\/\/api.w.org\/{rel}","templated":true}]}}