{"id":3396,"date":"2025-09-26T13:18:57","date_gmt":"2025-09-26T11:18:57","guid":{"rendered":"https:\/\/cyclingslovenia.com\/reisedokumente-faq-guibo\/"},"modified":"2025-09-26T13:18:57","modified_gmt":"2025-09-26T11:18:57","slug":"reisedokumente-faq-guibo","status":"publish","type":"page","link":"https:\/\/cyclingslovenia.com\/de\/reisedokumente-faq-guibo\/","title":{"rendered":"Reisedokumente (FAQ Guibo)"},"content":{"rendered":"<h3>Reisedokumente &amp; Guibo App &#8211; Ihr digitaler F\u00fchrer f\u00fcr eine reibungslose Radtour | Reisedokumente FAQ<\/h3>\n<p data-start=\"226\" data-end=\"573\">Bevor Ihr <a href=\"https:\/\/cyclingslovenia.com\/de\/ueber-uns\/\">Helia Cycling-Abenteuer<\/a> beginnt, erhalten Sie ein komplettes Set an Reiseunterlagen, damit Ihre Reise sorgenfrei verl\u00e4uft. Sobald Ihre Buchung best\u00e4tigt und die vollst\u00e4ndige Zahlung erfolgt ist, senden wir Ihnen alles, was Sie f\u00fcr einen reibungslosen Start ben\u00f6tigen &#8211; Hotelgutscheine, Routendetails, Gep\u00e4ckanh\u00e4nger und Ihren pers\u00f6nlichen Zugang zu <strong data-start=\"534\" data-end=\"570\">Guibo\u2122, unserer mobilen Reisef\u00fchrer-App<\/strong>. <\/p>\n<p>Weitere Informationen finden Sie in unseren FAQ zu Reisedokumenten, die alle wichtigen Details f\u00fcr Ihren Urlaub in  <a href=\"https:\/\/www.slovenia.info\/en\" target=\"_blank\" rel=\"noopener\">Slowenien<\/a>.<\/p>\n<p data-start=\"575\" data-end=\"867\">Guibo ist Ihr Reisebegleiter f\u00fcr unterwegs. Es bietet Offline-Karten, t\u00e4gliche Routen, Navigationstipps und lokale Informationen direkt auf Ihrem Handy. Sie k\u00f6nnen ganz einfach Ihre Route verfolgen, Hotelstandorte \u00fcberpr\u00fcfen und nahegelegene Highlights erkunden &#8211; und das alles ohne st\u00e4ndigen Internetzugang. <\/p>\n<p data-start=\"869\" data-end=\"1116\">Auf dieser Seite werden die h\u00e4ufigsten Fragen zum Erhalt Ihrer Reisedokumente und zur Nutzung der Guibo App beantwortet. Ganz gleich, ob Sie zum ersten Mal mitfahren oder schon lange dabei sind, diese FAQs helfen Ihnen bei der Vorbereitung, dem Herunterladen und der sicheren Nutzung aller Materialien. <\/p>\n<p data-start=\"1118\" data-end=\"1215\">Machen Sie sich bereit f\u00fcr einen Ritt \u00fcber die landschaftlich reizvollen Pfade Sloweniens mit allem, was Sie brauchen.<\/p>\n<p data-start=\"1118\" data-end=\"1215\"><img decoding=\"async\" class=\"alignnone wp-image-2316 size-full\" src=\"https:\/\/cyclingslovenia.com\/wp-content\/uploads\/2025\/10\/Untitled.jpg\" alt=\"guibo reisedokumente faq\" width=\"225\" height=\"225\" srcset=\"https:\/\/cyclingslovenia.com\/wp-content\/uploads\/2025\/10\/Untitled.jpg 225w, https:\/\/cyclingslovenia.com\/wp-content\/uploads\/2025\/10\/Untitled-150x150.jpg 150w\" sizes=\"(max-width: 225px) 100vw, 225px\" \/><\/p>\n","protected":false},"excerpt":{"rendered":"<p>Reisedokumente &amp; Guibo App &#8211; Ihr digitaler F\u00fchrer f\u00fcr eine reibungslose Radtour | Reisedokumente FAQ Bevor Ihr Helia Cycling-Abenteuer beginnt, erhalten Sie ein komplettes Set an Reiseunterlagen, damit Ihre Reise sorgenfrei verl\u00e4uft. Sobald Ihre Buchung best\u00e4tigt und die vollst\u00e4ndige Zahlung erfolgt ist, senden wir Ihnen alles, was Sie f\u00fcr einen reibungslosen Start ben\u00f6tigen &#8211; Hotelgutscheine, [&hellip;]<\/p>\n","protected":false},"author":2,"featured_media":0,"parent":0,"menu_order":0,"comment_status":"closed","ping_status":"closed","template":"templates\/helia-page-template.php","meta":{"_acf_changed":false,"footnotes":""},"class_list":["post-3396","page","type-page","status-publish","hentry"],"acf":[],"_links":{"self":[{"href":"https:\/\/cyclingslovenia.com\/de\/wp-json\/wp\/v2\/pages\/3396","targetHints":{"allow":["GET"]}}],"collection":[{"href":"https:\/\/cyclingslovenia.com\/de\/wp-json\/wp\/v2\/pages"}],"about":[{"href":"https:\/\/cyclingslovenia.com\/de\/wp-json\/wp\/v2\/types\/page"}],"author":[{"embeddable":true,"href":"https:\/\/cyclingslovenia.com\/de\/wp-json\/wp\/v2\/users\/2"}],"replies":[{"embeddable":true,"href":"https:\/\/cyclingslovenia.com\/de\/wp-json\/wp\/v2\/comments?post=3396"}],"version-history":[{"count":0,"href":"https:\/\/cyclingslovenia.com\/de\/wp-json\/wp\/v2\/pages\/3396\/revisions"}],"wp:attachment":[{"href":"https:\/\/cyclingslovenia.com\/de\/wp-json\/wp\/v2\/media?parent=3396"}],"curies":[{"name":"wp","href":"https:\/\/api.w.org\/{rel}","templated":true}]}}