{"id":3338,"date":"2025-06-05T17:38:49","date_gmt":"2025-06-05T15:38:49","guid":{"rendered":"https:\/\/cyclingslovenia.com\/preiskalkulator\/"},"modified":"2025-06-05T17:38:49","modified_gmt":"2025-06-05T15:38:49","slug":"preiskalkulator","status":"publish","type":"page","link":"https:\/\/cyclingslovenia.com\/de\/preiskalkulator\/","title":{"rendered":"Preiskalkulator"},"content":{"rendered":"<h3 data-start=\"709\" data-end=\"773\"><strong data-start=\"709\" data-end=\"773\">Radtour Preisrechner Slowenien &#8211; Planen Sie Ihr Abenteuer<\/strong><\/h3>\n<p data-start=\"775\" data-end=\"1080\"><strong data-start=\"779\" data-end=\"821\">Der Preisrechner f\u00fcr Radtouren in Slowenien<\/strong> soll Ihnen helfen, die Kosten f\u00fcr Ihr Radreiseabenteuer mit Helia Cycling abzusch\u00e4tzen. Indem Sie Ihre gew\u00fcnschte Tour, die Reisedaten, die Anzahl der Reisenden, die bevorzugten Zimmer und die Zusatzleistungen ausw\u00e4hlen, erhalten Sie ein individuelles Angebot, das auf Ihre Bed\u00fcrfnisse zugeschnitten ist. <\/p>\n<p data-start=\"1082\" data-end=\"1441\">Mit dem Rechner k\u00f6nnen Sie aus verschiedenen Touren w\u00e4hlen, wie zum Beispiel der <a href=\"https:\/\/cyclingslovenia.com\/mountain-biking\/lake-bled-mtb-trip\/\"><strong data-start=\"1150\" data-end=\"1187\">Radfahren rund um den Bleder See MTB Tour<\/strong><\/a>ausw\u00e4hlen und Ihr Erlebnis individuell gestalten, indem Sie Optionen wie Fahrradverleih, Zusatzn\u00e4chte, Transfers und gedruckte oder digitale Routenb\u00fccher hinzuf\u00fcgen. Das Tool bietet eine transparente Aufschl\u00fcsselung der Kosten und stellt sicher, dass Sie alle Informationen haben, die Sie ben\u00f6tigen, um eine fundierte Entscheidung zu treffen. <\/p>\n<p data-start=\"1443\" data-end=\"1690\">Sobald Sie Ihr pers\u00f6nliches Angebot gepr\u00fcft haben, k\u00f6nnen Sie beruhigt mit dem Buchungsprozess fortfahren. Unser Team steht Ihnen bei jedem Schritt zur Seite und sorgt f\u00fcr eine reibungslose und angenehme Planung Ihres <a href=\"https:\/\/www.slovenia.info\/en\" target=\"_blank\" rel=\"noopener\">slowenischen Fahrradabenteuers<\/a>. <\/p>\n<p data-start=\"1443\" data-end=\"1690\"><img decoding=\"async\" class=\"alignnone wp-image-2345 size-medium\" src=\"https:\/\/cyclingslovenia.com\/wp-content\/uploads\/2025\/10\/helia-price-calculator-300x233.jpg\" alt=\"Radreisepreisrechner Slowenien\" width=\"300\" height=\"233\" srcset=\"https:\/\/cyclingslovenia.com\/wp-content\/uploads\/2025\/10\/helia-price-calculator-300x233.jpg 300w, https:\/\/cyclingslovenia.com\/wp-content\/uploads\/2025\/10\/helia-price-calculator-768x595.jpg 768w, https:\/\/cyclingslovenia.com\/wp-content\/uploads\/2025\/10\/helia-price-calculator.jpg 800w\" sizes=\"(max-width: 300px) 100vw, 300px\" \/><\/p>\n","protected":false},"excerpt":{"rendered":"<p>Radtour Preisrechner Slowenien &#8211; Planen Sie Ihr Abenteuer Der Preisrechner f\u00fcr Radtouren in Slowenien soll Ihnen helfen, die Kosten f\u00fcr Ihr Radreiseabenteuer mit Helia Cycling abzusch\u00e4tzen. Indem Sie Ihre gew\u00fcnschte Tour, die Reisedaten, die Anzahl der Reisenden, die bevorzugten Zimmer und die Zusatzleistungen ausw\u00e4hlen, erhalten Sie ein individuelles Angebot, das auf Ihre Bed\u00fcrfnisse zugeschnitten ist. [&hellip;]<\/p>\n","protected":false},"author":1,"featured_media":0,"parent":0,"menu_order":0,"comment_status":"closed","ping_status":"closed","template":"templates\/template-price-calculator.php","meta":{"_acf_changed":false,"footnotes":""},"class_list":["post-3338","page","type-page","status-publish","hentry"],"acf":[],"_links":{"self":[{"href":"https:\/\/cyclingslovenia.com\/de\/wp-json\/wp\/v2\/pages\/3338","targetHints":{"allow":["GET"]}}],"collection":[{"href":"https:\/\/cyclingslovenia.com\/de\/wp-json\/wp\/v2\/pages"}],"about":[{"href":"https:\/\/cyclingslovenia.com\/de\/wp-json\/wp\/v2\/types\/page"}],"author":[{"embeddable":true,"href":"https:\/\/cyclingslovenia.com\/de\/wp-json\/wp\/v2\/users\/1"}],"replies":[{"embeddable":true,"href":"https:\/\/cyclingslovenia.com\/de\/wp-json\/wp\/v2\/comments?post=3338"}],"version-history":[{"count":0,"href":"https:\/\/cyclingslovenia.com\/de\/wp-json\/wp\/v2\/pages\/3338\/revisions"}],"wp:attachment":[{"href":"https:\/\/cyclingslovenia.com\/de\/wp-json\/wp\/v2\/media?parent=3338"}],"curies":[{"name":"wp","href":"https:\/\/api.w.org\/{rel}","templated":true}]}}