{"id":3336,"date":"2025-06-04T02:37:29","date_gmt":"2025-06-04T00:37:29","guid":{"rendered":"https:\/\/cyclingslovenia.com\/ueber-uns\/"},"modified":"2025-06-04T02:37:29","modified_gmt":"2025-06-04T00:37:29","slug":"ueber-uns","status":"publish","type":"page","link":"https:\/\/cyclingslovenia.com\/de\/ueber-uns\/","title":{"rendered":"\u00dcber uns"},"content":{"rendered":"<h3 data-rm-block-id=\"block-1\">Radurlaub in Slowenien, Ihr n\u00e4chstes Reiseziel!<\/h3>\n<p data-rm-block-id=\"block-1\"><mark class=\"rank-math-highlight\" style=\"background-color: #fee894;\">Machen Sie sich bereit f\u00fcr<\/mark><mark class=\"rank-math-highlight\" style=\"background-color: #fee894;\"> <strong data-start=\"220\" data-end=\"252\">Ihren Radurlaub in Slowenien<\/strong> mit dem Team von Cycling Slovenia<\/mark>! Erkunden Sie atemberaubende Landschaften &#8211; von alpinen Gipfeln \u00fcber sanfte Weinberge bis hin zur glitzernden Adria &#8211; in Ihrem eigenen Tempo auf unseren selbstgef\u00fchrten Radtouren. Jedes Detail ist sorgf\u00e4ltig geplant: von Experten entworfene Routen, komfortable Unterk\u00fcnfte, Gep\u00e4cktransfer, GPS-Navigation und 24\/7-Support vor Ort. <\/p>\n<p data-rm-block-id=\"block-1\">Ganz gleich, ob Sie auf der Suche nach Abenteuer, Kultur oder Entspannung sind, unsere Touren bieten Ihnen unvergessliche Erlebnisse und m\u00fcheloses Radfahren. Wir bieten eine Vielzahl von Radrouten an, von <a href=\"https:\/\/cyclingslovenia.com\/#\">leicht bis anspruchsvoll<\/a>, so dass jeder Radfahrer das Passende finden kann. Unser Team von passionierten Radfahrern kennt jeden Winkel <a href=\"https:\/\/www.slovenia.info\/en\" target=\"_blank\" rel=\"noopener\">Sloweniens<\/a> und kann Ihnen die besten Routen und versteckten Juwelen empfehlen, die Sie nicht verpassen sollten.  <\/p>\n<p data-rm-block-id=\"block-1\">Buchen Sie noch heute Ihre Traumreise und machen Sie Slowenien zu Ihrem pers\u00f6nlichen Fahrradparadies!<\/p>\n<p data-rm-block-id=\"block-1\"><img decoding=\"async\" class=\"alignnone wp-image-2295 size-medium\" src=\"https:\/\/cyclingslovenia.com\/wp-content\/uploads\/2025\/10\/selg-guided-cycling-slovenia-300x233.jpg\" alt=\"Radurlaub in Slowenien\" width=\"300\" height=\"233\" srcset=\"https:\/\/cyclingslovenia.com\/wp-content\/uploads\/2025\/10\/selg-guided-cycling-slovenia-300x233.jpg 300w, https:\/\/cyclingslovenia.com\/wp-content\/uploads\/2025\/10\/selg-guided-cycling-slovenia-768x595.jpg 768w, https:\/\/cyclingslovenia.com\/wp-content\/uploads\/2025\/10\/selg-guided-cycling-slovenia.jpg 800w\" sizes=\"(max-width: 300px) 100vw, 300px\" \/><\/p>\n<p data-rm-block-id=\"block-1\">\n","protected":false},"excerpt":{"rendered":"<p>Radurlaub in Slowenien, Ihr n\u00e4chstes Reiseziel! Machen Sie sich bereit f\u00fcr Ihren Radurlaub in Slowenien mit dem Team von Cycling Slovenia! Erkunden Sie atemberaubende Landschaften &#8211; von alpinen Gipfeln \u00fcber sanfte Weinberge bis hin zur glitzernden Adria &#8211; in Ihrem eigenen Tempo auf unseren selbstgef\u00fchrten Radtouren. Jedes Detail ist sorgf\u00e4ltig geplant: von Experten entworfene Routen, [&hellip;]<\/p>\n","protected":false},"author":1,"featured_media":0,"parent":0,"menu_order":0,"comment_status":"closed","ping_status":"closed","template":"templates\/helia-page-template.php","meta":{"_acf_changed":false,"footnotes":""},"class_list":["post-3336","page","type-page","status-publish","hentry"],"acf":[],"_links":{"self":[{"href":"https:\/\/cyclingslovenia.com\/de\/wp-json\/wp\/v2\/pages\/3336","targetHints":{"allow":["GET"]}}],"collection":[{"href":"https:\/\/cyclingslovenia.com\/de\/wp-json\/wp\/v2\/pages"}],"about":[{"href":"https:\/\/cyclingslovenia.com\/de\/wp-json\/wp\/v2\/types\/page"}],"author":[{"embeddable":true,"href":"https:\/\/cyclingslovenia.com\/de\/wp-json\/wp\/v2\/users\/1"}],"replies":[{"embeddable":true,"href":"https:\/\/cyclingslovenia.com\/de\/wp-json\/wp\/v2\/comments?post=3336"}],"version-history":[{"count":0,"href":"https:\/\/cyclingslovenia.com\/de\/wp-json\/wp\/v2\/pages\/3336\/revisions"}],"wp:attachment":[{"href":"https:\/\/cyclingslovenia.com\/de\/wp-json\/wp\/v2\/media?parent=3336"}],"curies":[{"name":"wp","href":"https:\/\/api.w.org\/{rel}","templated":true}]}}